{"id":313,"date":"2021-08-17T13:21:12","date_gmt":"2021-08-17T13:21:12","guid":{"rendered":"http:\/\/hd-multi.eobiont.opalstacked.com\/hd-dir\/city\/?page_id=6"},"modified":"2025-01-20T10:22:47","modified_gmt":"2025-01-20T10:22:47","slug":"welcome","status":"publish","type":"page","link":"https:\/\/helendoron.de\/waiblingen\/","title":{"rendered":"Welcome to Learning Centre Waiblingen!"},"content":{"rendered":"\r\n<p>what is this?<\/p>\r\n","protected":false},"excerpt":{"rendered":"<p>what is this?<\/p>\n","protected":false},"author":1,"featured_media":0,"parent":0,"menu_order":0,"comment_status":"closed","ping_status":"closed","template":"page-welcome.php","meta":{"_acf_changed":false,"content-type":"","inline_featured_image":false,"footnotes":""},"class_list":["post-313","page","type-page","status-publish","hentry"],"acf":[],"yoast_head":"<!-- This site is optimized with the Yoast SEO plugin v27.5 - https:\/\/yoast.com\/product\/yoast-seo-wordpress\/ -->\n<title>Englisch f\u00fcr Kinder in Ihrer N\u00e4he - Helen Doron Learning Center XY<\/title>\n<meta name=\"description\" content=\"Englischunterricht f\u00fcr Kinder in XY. Bew\u00e4hrte Lernmethode. F\u00fcr alle Altersstufen. Unterricht mit zertifizierten Lehrkr\u00e4ften. Jetzt anmelden!\" \/>\n<meta name=\"robots\" content=\"index, follow, max-snippet:-1, max-image-preview:large, max-video-preview:-1\" \/>\n<link rel=\"canonical\" href=\"https:\/\/helendoron.de\/waiblingen\/\" \/>\n<meta property=\"og:locale\" content=\"en_US\" \/>\n<meta property=\"og:type\" content=\"article\" \/>\n<meta property=\"og:title\" content=\"Spielerisch Englisch lernen im Helen Doron Learning Center XY\" \/>\n<meta property=\"og:description\" content=\"Im Learning Center XY bieten wir individuelle Englischkurse f\u00fcr Kindern von X bis Y. Buchen Sie jetzt eine Schnupperstunde!\" \/>\n<meta property=\"og:url\" content=\"https:\/\/helendoron.de\/waiblingen\/\" \/>\n<meta property=\"og:site_name\" content=\"Helen Doron English Waiblingen\" \/>\n<meta property=\"article:modified_time\" content=\"2025-01-20T10:22:47+00:00\" \/>\n<meta property=\"og:image\" content=\"https:\/\/helendoron.de\/waiblingen\/wp-content\/uploads\/sites\/106\/2022\/05\/HD_Share-Images_1200x628-2.jpg\" \/>\n\t<meta property=\"og:image:width\" content=\"1200\" \/>\n\t<meta property=\"og:image:height\" content=\"628\" \/>\n\t<meta property=\"og:image:type\" content=\"image\/jpeg\" \/>\n<meta name=\"twitter:card\" content=\"summary_large_image\" \/>\n<meta name=\"twitter:title\" content=\"Spielerisch Englisch lernen im Helen Doron Learning Center XY\" \/>\n<meta name=\"twitter:description\" content=\"Im Learning Center XY bieten wir individuelle Englischkurse f\u00fcr Kindern von X bis Y. Buchen Sie jetzt eine Schnupperstunde!\" \/>\n<meta name=\"twitter:image\" content=\"https:\/\/helendoron.de\/waiblingen\/wp-content\/uploads\/sites\/106\/2022\/05\/HD_Share-Images_1200x628-2.jpg\" \/>\n<meta name=\"twitter:label1\" content=\"Est. reading time\" \/>\n\t<meta name=\"twitter:data1\" content=\"3 minutes\" \/>\n<script type=\"application\/ld+json\" class=\"yoast-schema-graph\">{\"@context\":\"https:\\\/\\\/schema.org\",\"@graph\":[{\"@type\":\"WebPage\",\"@id\":\"https:\\\/\\\/helendoron.de\\\/waiblingen\\\/\",\"url\":\"https:\\\/\\\/helendoron.de\\\/waiblingen\\\/\",\"name\":\"Englisch f\u00fcr Kinder in Ihrer N\u00e4he - Helen Doron Learning Center XY\",\"isPartOf\":{\"@id\":\"https:\\\/\\\/helendoron.de\\\/waiblingen\\\/#website\"},\"datePublished\":\"2021-08-17T13:21:12+00:00\",\"dateModified\":\"2025-01-20T10:22:47+00:00\",\"description\":\"Englischunterricht f\u00fcr Kinder in XY. Bew\u00e4hrte Lernmethode. F\u00fcr alle Altersstufen. Unterricht mit zertifizierten Lehrkr\u00e4ften. Jetzt anmelden!\",\"inLanguage\":\"en-US\",\"potentialAction\":[{\"@type\":\"ReadAction\",\"target\":[\"https:\\\/\\\/helendoron.de\\\/waiblingen\\\/\"]}]},{\"@type\":\"WebSite\",\"@id\":\"https:\\\/\\\/helendoron.de\\\/waiblingen\\\/#website\",\"url\":\"https:\\\/\\\/helendoron.de\\\/waiblingen\\\/\",\"name\":\"Helen Doron English Waiblingen\",\"description\":\"\",\"potentialAction\":[{\"@type\":\"SearchAction\",\"target\":{\"@type\":\"EntryPoint\",\"urlTemplate\":\"https:\\\/\\\/helendoron.de\\\/waiblingen\\\/?s={search_term_string}\"},\"query-input\":{\"@type\":\"PropertyValueSpecification\",\"valueRequired\":true,\"valueName\":\"search_term_string\"}}],\"inLanguage\":\"en-US\"}]}<\/script>\n<!-- \/ Yoast SEO plugin. -->","yoast_head_json":{"title":"Englisch f\u00fcr Kinder in Ihrer N\u00e4he - Helen Doron Learning Center XY","description":"Englischunterricht f\u00fcr Kinder in XY. Bew\u00e4hrte Lernmethode. F\u00fcr alle Altersstufen. Unterricht mit zertifizierten Lehrkr\u00e4ften. Jetzt anmelden!","robots":{"index":"index","follow":"follow","max-snippet":"max-snippet:-1","max-image-preview":"max-image-preview:large","max-video-preview":"max-video-preview:-1"},"canonical":"https:\/\/helendoron.de\/waiblingen\/","og_locale":"en_US","og_type":"article","og_title":"Spielerisch Englisch lernen im Helen Doron Learning Center XY","og_description":"Im Learning Center XY bieten wir individuelle Englischkurse f\u00fcr Kindern von X bis Y. Buchen Sie jetzt eine Schnupperstunde!","og_url":"https:\/\/helendoron.de\/waiblingen\/","og_site_name":"Helen Doron English Waiblingen","article_modified_time":"2025-01-20T10:22:47+00:00","og_image":[{"width":1200,"height":628,"url":"https:\/\/helendoron.de\/waiblingen\/wp-content\/uploads\/sites\/106\/2022\/05\/HD_Share-Images_1200x628-2.jpg","type":"image\/jpeg"}],"twitter_card":"summary_large_image","twitter_title":"Spielerisch Englisch lernen im Helen Doron Learning Center XY","twitter_description":"Im Learning Center XY bieten wir individuelle Englischkurse f\u00fcr Kindern von X bis Y. Buchen Sie jetzt eine Schnupperstunde!","twitter_image":"https:\/\/helendoron.de\/waiblingen\/wp-content\/uploads\/sites\/106\/2022\/05\/HD_Share-Images_1200x628-2.jpg","twitter_misc":{"Est. reading time":"3 minutes"},"schema":{"@context":"https:\/\/schema.org","@graph":[{"@type":"WebPage","@id":"https:\/\/helendoron.de\/waiblingen\/","url":"https:\/\/helendoron.de\/waiblingen\/","name":"Englisch f\u00fcr Kinder in Ihrer N\u00e4he - Helen Doron Learning Center XY","isPartOf":{"@id":"https:\/\/helendoron.de\/waiblingen\/#website"},"datePublished":"2021-08-17T13:21:12+00:00","dateModified":"2025-01-20T10:22:47+00:00","description":"Englischunterricht f\u00fcr Kinder in XY. Bew\u00e4hrte Lernmethode. F\u00fcr alle Altersstufen. Unterricht mit zertifizierten Lehrkr\u00e4ften. Jetzt anmelden!","inLanguage":"en-US","potentialAction":[{"@type":"ReadAction","target":["https:\/\/helendoron.de\/waiblingen\/"]}]},{"@type":"WebSite","@id":"https:\/\/helendoron.de\/waiblingen\/#website","url":"https:\/\/helendoron.de\/waiblingen\/","name":"Helen Doron English Waiblingen","description":"","potentialAction":[{"@type":"SearchAction","target":{"@type":"EntryPoint","urlTemplate":"https:\/\/helendoron.de\/waiblingen\/?s={search_term_string}"},"query-input":{"@type":"PropertyValueSpecification","valueRequired":true,"valueName":"search_term_string"}}],"inLanguage":"en-US"}]}},"_links":{"self":[{"href":"https:\/\/helendoron.de\/waiblingen\/wp-json\/wp\/v2\/pages\/313","targetHints":{"allow":["GET"]}}],"collection":[{"href":"https:\/\/helendoron.de\/waiblingen\/wp-json\/wp\/v2\/pages"}],"about":[{"href":"https:\/\/helendoron.de\/waiblingen\/wp-json\/wp\/v2\/types\/page"}],"author":[{"embeddable":true,"href":"https:\/\/helendoron.de\/waiblingen\/wp-json\/wp\/v2\/users\/1"}],"replies":[{"embeddable":true,"href":"https:\/\/helendoron.de\/waiblingen\/wp-json\/wp\/v2\/comments?post=313"}],"version-history":[{"count":0,"href":"https:\/\/helendoron.de\/waiblingen\/wp-json\/wp\/v2\/pages\/313\/revisions"}],"wp:attachment":[{"href":"https:\/\/helendoron.de\/waiblingen\/wp-json\/wp\/v2\/media?parent=313"}],"curies":[{"name":"wp","href":"https:\/\/api.w.org\/{rel}","templated":true}]}}