{"id":314,"date":"2021-10-07T08:35:05","date_gmt":"2021-10-07T08:35:05","guid":{"rendered":"http:\/\/hd-multi.eobiont.opalstacked.com\/hd-dir\/city\/?page_id=68"},"modified":"2024-06-16T09:46:02","modified_gmt":"2024-06-16T09:46:02","slug":"our-team","status":"publish","type":"page","link":"https:\/\/helendoron.de\/ludwigsburg\/our-team\/","title":{"rendered":"Unser Team"},"content":{"rendered":"<p>what happens when I write something here?<\/p>\n","protected":false},"excerpt":{"rendered":"<p>what happens when I write something here?<\/p>\n","protected":false},"author":1,"featured_media":0,"parent":0,"menu_order":0,"comment_status":"closed","ping_status":"closed","template":"page-team.php","meta":{"_acf_changed":false,"content-type":"","inline_featured_image":false,"footnotes":""},"class_list":["post-314","page","type-page","status-publish","hentry"],"acf":[],"yoast_head":"<!-- This site is optimized with the Yoast SEO plugin v27.3 - https:\/\/yoast.com\/product\/yoast-seo-wordpress\/ -->\n<title>Unser Team - Helen Doron English Ludwigsburg %<\/title>\n<meta name=\"description\" content=\"Pers\u00f6nliche Fotos der Leitung und Lehrkr\u00e4fte im Team Englisch f\u00fcr Kinder von Helen Doron Englisch Ludwigsburg\" \/>\n<meta name=\"robots\" content=\"index, follow, max-snippet:-1, max-image-preview:large, max-video-preview:-1\" \/>\n<link rel=\"canonical\" href=\"https:\/\/helendoron.de\/ludwigsburg\/our-team\/\" \/>\n<meta property=\"og:locale\" content=\"de_DE\" \/>\n<meta property=\"og:type\" content=\"article\" \/>\n<meta property=\"og:title\" content=\"Unser Team - Helen Doron English Ludwigsburg %\" \/>\n<meta property=\"og:description\" content=\"Pers\u00f6nliche Fotos der Leitung und Lehrkr\u00e4fte im Team Englisch f\u00fcr Kinder von Helen Doron Englisch Ludwigsburg\" \/>\n<meta property=\"og:url\" content=\"https:\/\/helendoron.de\/ludwigsburg\/our-team\/\" \/>\n<meta property=\"og:site_name\" content=\"Helen Doron English Ludwigsburg\" \/>\n<meta property=\"article:modified_time\" content=\"2024-06-16T09:46:02+00:00\" \/>\n<meta name=\"twitter:card\" content=\"summary_large_image\" \/>\n<meta name=\"twitter:label1\" content=\"Gesch\u00e4tzte Lesezeit\" \/>\n\t<meta name=\"twitter:data1\" content=\"1\u00a0Minute\" \/>\n<script type=\"application\/ld+json\" class=\"yoast-schema-graph\">{\"@context\":\"https:\\\/\\\/schema.org\",\"@graph\":[{\"@type\":\"WebPage\",\"@id\":\"https:\\\/\\\/helendoron.de\\\/ludwigsburg\\\/our-team\\\/\",\"url\":\"https:\\\/\\\/helendoron.de\\\/ludwigsburg\\\/our-team\\\/\",\"name\":\"Unser Team - Helen Doron English Ludwigsburg %\",\"isPartOf\":{\"@id\":\"https:\\\/\\\/helendoron.de\\\/ludwigsburg\\\/#website\"},\"datePublished\":\"2021-10-07T08:35:05+00:00\",\"dateModified\":\"2024-06-16T09:46:02+00:00\",\"description\":\"Pers\u00f6nliche Fotos der Leitung und Lehrkr\u00e4fte im Team Englisch f\u00fcr Kinder von Helen Doron Englisch Ludwigsburg\",\"breadcrumb\":{\"@id\":\"https:\\\/\\\/helendoron.de\\\/ludwigsburg\\\/our-team\\\/#breadcrumb\"},\"inLanguage\":\"de\",\"potentialAction\":[{\"@type\":\"ReadAction\",\"target\":[\"https:\\\/\\\/helendoron.de\\\/ludwigsburg\\\/our-team\\\/\"]}]},{\"@type\":\"BreadcrumbList\",\"@id\":\"https:\\\/\\\/helendoron.de\\\/ludwigsburg\\\/our-team\\\/#breadcrumb\",\"itemListElement\":[{\"@type\":\"ListItem\",\"position\":1,\"name\":\"Home\",\"item\":\"https:\\\/\\\/helendoron.de\\\/ludwigsburg\\\/\"},{\"@type\":\"ListItem\",\"position\":2,\"name\":\"Unser Team\"}]},{\"@type\":\"WebSite\",\"@id\":\"https:\\\/\\\/helendoron.de\\\/ludwigsburg\\\/#website\",\"url\":\"https:\\\/\\\/helendoron.de\\\/ludwigsburg\\\/\",\"name\":\"Helen Doron English Ludwigsburg\",\"description\":\"\",\"potentialAction\":[{\"@type\":\"SearchAction\",\"target\":{\"@type\":\"EntryPoint\",\"urlTemplate\":\"https:\\\/\\\/helendoron.de\\\/ludwigsburg\\\/?s={search_term_string}\"},\"query-input\":{\"@type\":\"PropertyValueSpecification\",\"valueRequired\":true,\"valueName\":\"search_term_string\"}}],\"inLanguage\":\"de\"}]}<\/script>\n<!-- \/ Yoast SEO plugin. -->","yoast_head_json":{"title":"Unser Team - Helen Doron English Ludwigsburg %","description":"Pers\u00f6nliche Fotos der Leitung und Lehrkr\u00e4fte im Team Englisch f\u00fcr Kinder von Helen Doron Englisch Ludwigsburg","robots":{"index":"index","follow":"follow","max-snippet":"max-snippet:-1","max-image-preview":"max-image-preview:large","max-video-preview":"max-video-preview:-1"},"canonical":"https:\/\/helendoron.de\/ludwigsburg\/our-team\/","og_locale":"de_DE","og_type":"article","og_title":"Unser Team - Helen Doron English Ludwigsburg %","og_description":"Pers\u00f6nliche Fotos der Leitung und Lehrkr\u00e4fte im Team Englisch f\u00fcr Kinder von Helen Doron Englisch Ludwigsburg","og_url":"https:\/\/helendoron.de\/ludwigsburg\/our-team\/","og_site_name":"Helen Doron English Ludwigsburg","article_modified_time":"2024-06-16T09:46:02+00:00","twitter_card":"summary_large_image","twitter_misc":{"Gesch\u00e4tzte Lesezeit":"1\u00a0Minute"},"schema":{"@context":"https:\/\/schema.org","@graph":[{"@type":"WebPage","@id":"https:\/\/helendoron.de\/ludwigsburg\/our-team\/","url":"https:\/\/helendoron.de\/ludwigsburg\/our-team\/","name":"Unser Team - Helen Doron English Ludwigsburg %","isPartOf":{"@id":"https:\/\/helendoron.de\/ludwigsburg\/#website"},"datePublished":"2021-10-07T08:35:05+00:00","dateModified":"2024-06-16T09:46:02+00:00","description":"Pers\u00f6nliche Fotos der Leitung und Lehrkr\u00e4fte im Team Englisch f\u00fcr Kinder von Helen Doron Englisch Ludwigsburg","breadcrumb":{"@id":"https:\/\/helendoron.de\/ludwigsburg\/our-team\/#breadcrumb"},"inLanguage":"de","potentialAction":[{"@type":"ReadAction","target":["https:\/\/helendoron.de\/ludwigsburg\/our-team\/"]}]},{"@type":"BreadcrumbList","@id":"https:\/\/helendoron.de\/ludwigsburg\/our-team\/#breadcrumb","itemListElement":[{"@type":"ListItem","position":1,"name":"Home","item":"https:\/\/helendoron.de\/ludwigsburg\/"},{"@type":"ListItem","position":2,"name":"Unser Team"}]},{"@type":"WebSite","@id":"https:\/\/helendoron.de\/ludwigsburg\/#website","url":"https:\/\/helendoron.de\/ludwigsburg\/","name":"Helen Doron English Ludwigsburg","description":"","potentialAction":[{"@type":"SearchAction","target":{"@type":"EntryPoint","urlTemplate":"https:\/\/helendoron.de\/ludwigsburg\/?s={search_term_string}"},"query-input":{"@type":"PropertyValueSpecification","valueRequired":true,"valueName":"search_term_string"}}],"inLanguage":"de"}]}},"_links":{"self":[{"href":"https:\/\/helendoron.de\/ludwigsburg\/wp-json\/wp\/v2\/pages\/314","targetHints":{"allow":["GET"]}}],"collection":[{"href":"https:\/\/helendoron.de\/ludwigsburg\/wp-json\/wp\/v2\/pages"}],"about":[{"href":"https:\/\/helendoron.de\/ludwigsburg\/wp-json\/wp\/v2\/types\/page"}],"author":[{"embeddable":true,"href":"https:\/\/helendoron.de\/ludwigsburg\/wp-json\/wp\/v2\/users\/1"}],"replies":[{"embeddable":true,"href":"https:\/\/helendoron.de\/ludwigsburg\/wp-json\/wp\/v2\/comments?post=314"}],"version-history":[{"count":0,"href":"https:\/\/helendoron.de\/ludwigsburg\/wp-json\/wp\/v2\/pages\/314\/revisions"}],"wp:attachment":[{"href":"https:\/\/helendoron.de\/ludwigsburg\/wp-json\/wp\/v2\/media?parent=314"}],"curies":[{"name":"wp","href":"https:\/\/api.w.org\/{rel}","templated":true}]}}