{"id":313,"date":"2021-08-17T13:21:12","date_gmt":"2021-08-17T13:21:12","guid":{"rendered":"http:\/\/hd-multi.eobiont.opalstacked.com\/hd-dir\/city\/?page_id=6"},"modified":"2026-01-28T15:24:41","modified_gmt":"2026-01-28T15:24:41","slug":"welcome-to-kids-connection-ihrem-helen-doron-learning-centre-in-ludwigsburg","status":"publish","type":"page","link":"https:\/\/helendoron.de\/ludwigsburg\/","title":{"rendered":"Welcome to Kids&#8216; Connection, Ihrem Helen Doron Learning Centre in Ludwigsburg!"},"content":{"rendered":"\r\n<p>what is this?<\/p>\r\n","protected":false},"excerpt":{"rendered":"<p>what is this?<\/p>\n","protected":false},"author":1,"featured_media":0,"parent":0,"menu_order":0,"comment_status":"closed","ping_status":"closed","template":"page-welcome.php","meta":{"_acf_changed":false,"content-type":"","inline_featured_image":false,"footnotes":""},"class_list":["post-313","page","type-page","status-publish","hentry"],"acf":[],"yoast_head":"<!-- This site is optimized with the Yoast SEO plugin v27.3 - https:\/\/yoast.com\/product\/yoast-seo-wordpress\/ -->\n<title>Englisch f\u00fcr Kinder | Helen Doron English Ludwigsburg<\/title>\n<meta name=\"description\" content=\"Englisch f\u00fcr Kinder und Teens in Ludwigsburg seit 2007 mit viel Spiel und Spa\u00df. Cambridge und Abitur Vorbereitungskurse\" \/>\n<meta name=\"robots\" content=\"index, follow, max-snippet:-1, max-image-preview:large, max-video-preview:-1\" \/>\n<link rel=\"canonical\" href=\"https:\/\/helendoron.de\/ludwigsburg\/\" \/>\n<meta property=\"og:locale\" content=\"de_DE\" \/>\n<meta property=\"og:type\" content=\"article\" \/>\n<meta property=\"og:title\" content=\"Englisch f\u00fcr Kinder | Helen Doron English Ludwigsburg\" \/>\n<meta property=\"og:description\" content=\"Englisch f\u00fcr Kinder und Teens in Ludwigsburg seit 2007 mit viel Spiel und Spa\u00df. Cambridge und Abitur Vorbereitungskurse\" \/>\n<meta property=\"og:url\" content=\"https:\/\/helendoron.de\/ludwigsburg\/\" \/>\n<meta property=\"og:site_name\" content=\"Helen Doron English Ludwigsburg\" \/>\n<meta property=\"article:modified_time\" content=\"2026-01-28T15:24:41+00:00\" \/>\n<meta name=\"twitter:card\" content=\"summary_large_image\" \/>\n<meta name=\"twitter:label1\" content=\"Gesch\u00e4tzte Lesezeit\" \/>\n\t<meta name=\"twitter:data1\" content=\"5\u00a0Minuten\" \/>\n<script type=\"application\/ld+json\" class=\"yoast-schema-graph\">{\"@context\":\"https:\\\/\\\/schema.org\",\"@graph\":[{\"@type\":\"WebPage\",\"@id\":\"https:\\\/\\\/helendoron.de\\\/ludwigsburg\\\/\",\"url\":\"https:\\\/\\\/helendoron.de\\\/ludwigsburg\\\/\",\"name\":\"Englisch f\u00fcr Kinder | Helen Doron English Ludwigsburg\",\"isPartOf\":{\"@id\":\"https:\\\/\\\/helendoron.de\\\/ludwigsburg\\\/#website\"},\"datePublished\":\"2021-08-17T13:21:12+00:00\",\"dateModified\":\"2026-01-28T15:24:41+00:00\",\"description\":\"Englisch f\u00fcr Kinder und Teens in Ludwigsburg seit 2007 mit viel Spiel und Spa\u00df. Cambridge und Abitur Vorbereitungskurse\",\"breadcrumb\":{\"@id\":\"https:\\\/\\\/helendoron.de\\\/ludwigsburg\\\/#breadcrumb\"},\"inLanguage\":\"de\",\"potentialAction\":[{\"@type\":\"ReadAction\",\"target\":[\"https:\\\/\\\/helendoron.de\\\/ludwigsburg\\\/\"]}]},{\"@type\":\"BreadcrumbList\",\"@id\":\"https:\\\/\\\/helendoron.de\\\/ludwigsburg\\\/#breadcrumb\",\"itemListElement\":[{\"@type\":\"ListItem\",\"position\":1,\"name\":\"Home\",\"item\":\"https:\\\/\\\/helendoron.de\\\/ludwigsburg\\\/\"},{\"@type\":\"ListItem\",\"position\":2,\"name\":\"Welcome to Kids&#8216; Connection, Ihrem Helen Doron Learning Centre in Ludwigsburg!\"}]},{\"@type\":\"WebSite\",\"@id\":\"https:\\\/\\\/helendoron.de\\\/ludwigsburg\\\/#website\",\"url\":\"https:\\\/\\\/helendoron.de\\\/ludwigsburg\\\/\",\"name\":\"Helen Doron English Ludwigsburg\",\"description\":\"\",\"potentialAction\":[{\"@type\":\"SearchAction\",\"target\":{\"@type\":\"EntryPoint\",\"urlTemplate\":\"https:\\\/\\\/helendoron.de\\\/ludwigsburg\\\/?s={search_term_string}\"},\"query-input\":{\"@type\":\"PropertyValueSpecification\",\"valueRequired\":true,\"valueName\":\"search_term_string\"}}],\"inLanguage\":\"de\"}]}<\/script>\n<!-- \/ Yoast SEO plugin. -->","yoast_head_json":{"title":"Englisch f\u00fcr Kinder | Helen Doron English Ludwigsburg","description":"Englisch f\u00fcr Kinder und Teens in Ludwigsburg seit 2007 mit viel Spiel und Spa\u00df. Cambridge und Abitur Vorbereitungskurse","robots":{"index":"index","follow":"follow","max-snippet":"max-snippet:-1","max-image-preview":"max-image-preview:large","max-video-preview":"max-video-preview:-1"},"canonical":"https:\/\/helendoron.de\/ludwigsburg\/","og_locale":"de_DE","og_type":"article","og_title":"Englisch f\u00fcr Kinder | Helen Doron English Ludwigsburg","og_description":"Englisch f\u00fcr Kinder und Teens in Ludwigsburg seit 2007 mit viel Spiel und Spa\u00df. Cambridge und Abitur Vorbereitungskurse","og_url":"https:\/\/helendoron.de\/ludwigsburg\/","og_site_name":"Helen Doron English Ludwigsburg","article_modified_time":"2026-01-28T15:24:41+00:00","twitter_card":"summary_large_image","twitter_misc":{"Gesch\u00e4tzte Lesezeit":"5\u00a0Minuten"},"schema":{"@context":"https:\/\/schema.org","@graph":[{"@type":"WebPage","@id":"https:\/\/helendoron.de\/ludwigsburg\/","url":"https:\/\/helendoron.de\/ludwigsburg\/","name":"Englisch f\u00fcr Kinder | Helen Doron English Ludwigsburg","isPartOf":{"@id":"https:\/\/helendoron.de\/ludwigsburg\/#website"},"datePublished":"2021-08-17T13:21:12+00:00","dateModified":"2026-01-28T15:24:41+00:00","description":"Englisch f\u00fcr Kinder und Teens in Ludwigsburg seit 2007 mit viel Spiel und Spa\u00df. Cambridge und Abitur Vorbereitungskurse","breadcrumb":{"@id":"https:\/\/helendoron.de\/ludwigsburg\/#breadcrumb"},"inLanguage":"de","potentialAction":[{"@type":"ReadAction","target":["https:\/\/helendoron.de\/ludwigsburg\/"]}]},{"@type":"BreadcrumbList","@id":"https:\/\/helendoron.de\/ludwigsburg\/#breadcrumb","itemListElement":[{"@type":"ListItem","position":1,"name":"Home","item":"https:\/\/helendoron.de\/ludwigsburg\/"},{"@type":"ListItem","position":2,"name":"Welcome to Kids&#8216; Connection, Ihrem Helen Doron Learning Centre in Ludwigsburg!"}]},{"@type":"WebSite","@id":"https:\/\/helendoron.de\/ludwigsburg\/#website","url":"https:\/\/helendoron.de\/ludwigsburg\/","name":"Helen Doron English Ludwigsburg","description":"","potentialAction":[{"@type":"SearchAction","target":{"@type":"EntryPoint","urlTemplate":"https:\/\/helendoron.de\/ludwigsburg\/?s={search_term_string}"},"query-input":{"@type":"PropertyValueSpecification","valueRequired":true,"valueName":"search_term_string"}}],"inLanguage":"de"}]}},"_links":{"self":[{"href":"https:\/\/helendoron.de\/ludwigsburg\/wp-json\/wp\/v2\/pages\/313","targetHints":{"allow":["GET"]}}],"collection":[{"href":"https:\/\/helendoron.de\/ludwigsburg\/wp-json\/wp\/v2\/pages"}],"about":[{"href":"https:\/\/helendoron.de\/ludwigsburg\/wp-json\/wp\/v2\/types\/page"}],"author":[{"embeddable":true,"href":"https:\/\/helendoron.de\/ludwigsburg\/wp-json\/wp\/v2\/users\/1"}],"replies":[{"embeddable":true,"href":"https:\/\/helendoron.de\/ludwigsburg\/wp-json\/wp\/v2\/comments?post=313"}],"version-history":[{"count":6,"href":"https:\/\/helendoron.de\/ludwigsburg\/wp-json\/wp\/v2\/pages\/313\/revisions"}],"predecessor-version":[{"id":531,"href":"https:\/\/helendoron.de\/ludwigsburg\/wp-json\/wp\/v2\/pages\/313\/revisions\/531"}],"wp:attachment":[{"href":"https:\/\/helendoron.de\/ludwigsburg\/wp-json\/wp\/v2\/media?parent=313"}],"curies":[{"name":"wp","href":"https:\/\/api.w.org\/{rel}","templated":true}]}}