{"id":571,"date":"2022-12-16T10:39:16","date_gmt":"2022-12-16T10:39:16","guid":{"rendered":"https:\/\/helendoron.de\/frankfurtsued\/?page_id=571"},"modified":"2026-04-21T16:11:49","modified_gmt":"2026-04-21T16:11:49","slug":"caren-leitung","status":"publish","type":"page","link":"https:\/\/helendoron.de\/frankfurtsued\/our-team\/caren-leitung\/","title":{"rendered":"Caren"},"content":{"rendered":"<h2 style=\"padding-left: 80px\"><strong>Leiterin des Lernzentrums<\/strong><\/h2>\n<p style=\"padding-left: 40px\">\nCaren ist seit 2015 Teil von Helen Doron English und leitet heute das Learning Centre Frankfurt-S\u00fcd. Ihre Leidenschaft f\u00fcr die Arbeit mit Kindern hat sie \u00fcber viele Jahre hinweg gepr\u00e4gt \u2013 unter anderem durch ihre Erfahrung in einem Montessori-Kindergarten.<\/p>\n<p style=\"padding-left: 40px\">Sie ist \u00fcberzeugt, dass Kinder am besten lernen, wenn sie sich wohlf\u00fchlen, selbstbewusst sind und Freude am Lernen haben. Mit viel Kreativit\u00e4t und ihrer Begeisterung f\u00fcr Musik gestaltet sie den Unterricht lebendig und effektiv und schafft eine Umgebung, in der Kinder spielerisch und nachhaltig Englisch lernen.<\/p>\n<p style=\"padding-left: 40px\">Als Leiterin des Learning Centres legt sie gro\u00dfen Wert auf Qualit\u00e4t, pers\u00f6nliche Betreuung und eine enge Zusammenarbeit mit Familien. Gemeinsam mit ihrem internationalen Team begleitet sie Kinder auf ihrem Lernweg und f\u00f6rdert nicht nur ihre Sprachentwicklung, sondern auch wichtige soziale und pers\u00f6nliche Kompetenzen.<\/p>\n<p>&nbsp;<\/p>\n<p style=\"text-align: right\"><a href=\"https:\/\/helendoron.de\/frankfurtsued\/our-team\/\">\u27f5Our Team<\/a><\/p>\n","protected":false},"excerpt":{"rendered":"<p>Leiterin des Lernzentrums Caren ist seit 2015 Teil von Helen Doron English und leitet heute das Learning Centre Frankfurt-S\u00fcd. Ihre Leidenschaft f\u00fcr die Arbeit mit Kindern hat sie \u00fcber viele Jahre hinweg gepr\u00e4gt \u2013 unter anderem durch ihre Erfahrung in einem Montessori-Kindergarten. Sie ist \u00fcberzeugt, dass Kinder am besten lernen, wenn sie sich wohlf\u00fchlen, selbstbewusst [&hellip;]<\/p>\n","protected":false},"author":74,"featured_media":442,"parent":314,"menu_order":0,"comment_status":"closed","ping_status":"closed","template":"","meta":{"_acf_changed":false,"content-type":"","inline_featured_image":false,"footnotes":""},"class_list":["post-571","page","type-page","status-publish","has-post-thumbnail","hentry"],"acf":[],"yoast_head":"<!-- This site is optimized with the Yoast SEO plugin v27.5 - https:\/\/yoast.com\/product\/yoast-seo-wordpress\/ -->\n<title>Caren - Helen Doron English Frankfurt-S\u00fcd<\/title>\n<meta name=\"robots\" content=\"index, follow, max-snippet:-1, max-image-preview:large, max-video-preview:-1\" \/>\n<link rel=\"canonical\" href=\"https:\/\/helendoron.de\/frankfurtsued\/our-team\/caren-leitung\/\" \/>\n<meta property=\"og:locale\" content=\"de_DE\" \/>\n<meta property=\"og:type\" content=\"article\" \/>\n<meta property=\"og:title\" content=\"Caren - Helen Doron English Frankfurt-S\u00fcd\" \/>\n<meta property=\"og:description\" content=\"Leiterin des Lernzentrums Caren ist seit 2015 Teil von Helen Doron English und leitet heute das Learning Centre Frankfurt-S\u00fcd. Ihre Leidenschaft f\u00fcr die Arbeit mit Kindern hat sie \u00fcber viele Jahre hinweg gepr\u00e4gt \u2013 unter anderem durch ihre Erfahrung in einem Montessori-Kindergarten. Sie ist \u00fcberzeugt, dass Kinder am besten lernen, wenn sie sich wohlf\u00fchlen, selbstbewusst [&hellip;]\" \/>\n<meta property=\"og:url\" content=\"https:\/\/helendoron.de\/frankfurtsued\/our-team\/caren-leitung\/\" \/>\n<meta property=\"og:site_name\" content=\"Helen Doron English Frankfurt-S\u00fcd\" \/>\n<meta property=\"article:publisher\" content=\"https:\/\/www.facebook.com\/HelenDoronFrankfurt\" \/>\n<meta property=\"article:modified_time\" content=\"2026-04-21T16:11:49+00:00\" \/>\n<meta property=\"og:image\" content=\"https:\/\/helendoron.de\/frankfurtsued\/wp-content\/uploads\/sites\/72\/2022\/05\/Team-1-e1670588027977.jpg\" \/>\n\t<meta property=\"og:image:width\" content=\"690\" \/>\n\t<meta property=\"og:image:height\" content=\"600\" \/>\n\t<meta property=\"og:image:type\" content=\"image\/jpeg\" \/>\n<meta name=\"twitter:card\" content=\"summary_large_image\" \/>\n<meta name=\"twitter:label1\" content=\"Gesch\u00e4tzte Lesezeit\" \/>\n\t<meta name=\"twitter:data1\" content=\"1\u00a0Minute\" \/>\n<script type=\"application\/ld+json\" class=\"yoast-schema-graph\">{\"@context\":\"https:\\\/\\\/schema.org\",\"@graph\":[{\"@type\":\"WebPage\",\"@id\":\"https:\\\/\\\/helendoron.de\\\/frankfurtsued\\\/our-team\\\/caren-leitung\\\/\",\"url\":\"https:\\\/\\\/helendoron.de\\\/frankfurtsued\\\/our-team\\\/caren-leitung\\\/\",\"name\":\"Caren - Helen Doron English Frankfurt-S\u00fcd\",\"isPartOf\":{\"@id\":\"https:\\\/\\\/helendoron.de\\\/frankfurtsued\\\/#website\"},\"primaryImageOfPage\":{\"@id\":\"https:\\\/\\\/helendoron.de\\\/frankfurtsued\\\/our-team\\\/caren-leitung\\\/#primaryimage\"},\"image\":{\"@id\":\"https:\\\/\\\/helendoron.de\\\/frankfurtsued\\\/our-team\\\/caren-leitung\\\/#primaryimage\"},\"thumbnailUrl\":\"https:\\\/\\\/helendoron.de\\\/frankfurtsued\\\/wp-content\\\/uploads\\\/sites\\\/72\\\/2022\\\/05\\\/Team-1-e1670588027977.jpg\",\"datePublished\":\"2022-12-16T10:39:16+00:00\",\"dateModified\":\"2026-04-21T16:11:49+00:00\",\"breadcrumb\":{\"@id\":\"https:\\\/\\\/helendoron.de\\\/frankfurtsued\\\/our-team\\\/caren-leitung\\\/#breadcrumb\"},\"inLanguage\":\"de\",\"potentialAction\":[{\"@type\":\"ReadAction\",\"target\":[\"https:\\\/\\\/helendoron.de\\\/frankfurtsued\\\/our-team\\\/caren-leitung\\\/\"]}]},{\"@type\":\"ImageObject\",\"inLanguage\":\"de\",\"@id\":\"https:\\\/\\\/helendoron.de\\\/frankfurtsued\\\/our-team\\\/caren-leitung\\\/#primaryimage\",\"url\":\"https:\\\/\\\/helendoron.de\\\/frankfurtsued\\\/wp-content\\\/uploads\\\/sites\\\/72\\\/2022\\\/05\\\/Team-1-e1670588027977.jpg\",\"contentUrl\":\"https:\\\/\\\/helendoron.de\\\/frankfurtsued\\\/wp-content\\\/uploads\\\/sites\\\/72\\\/2022\\\/05\\\/Team-1-e1670588027977.jpg\",\"width\":690,\"height\":600},{\"@type\":\"BreadcrumbList\",\"@id\":\"https:\\\/\\\/helendoron.de\\\/frankfurtsued\\\/our-team\\\/caren-leitung\\\/#breadcrumb\",\"itemListElement\":[{\"@type\":\"ListItem\",\"position\":1,\"name\":\"Home\",\"item\":\"https:\\\/\\\/helendoron.de\\\/frankfurtsued\\\/\"},{\"@type\":\"ListItem\",\"position\":2,\"name\":\"Unser Team\",\"item\":\"https:\\\/\\\/helendoron.de\\\/frankfurtsued\\\/our-team\\\/\"},{\"@type\":\"ListItem\",\"position\":3,\"name\":\"Caren\"}]},{\"@type\":\"WebSite\",\"@id\":\"https:\\\/\\\/helendoron.de\\\/frankfurtsued\\\/#website\",\"url\":\"https:\\\/\\\/helendoron.de\\\/frankfurtsued\\\/\",\"name\":\"Helen Doron English Frankfurt-S\u00fcd\",\"description\":\"Mehr als 15 Jahre erfolgreiche Englischkurse f\u00fcr Kinder in Frankfurt!\",\"potentialAction\":[{\"@type\":\"SearchAction\",\"target\":{\"@type\":\"EntryPoint\",\"urlTemplate\":\"https:\\\/\\\/helendoron.de\\\/frankfurtsued\\\/?s={search_term_string}\"},\"query-input\":{\"@type\":\"PropertyValueSpecification\",\"valueRequired\":true,\"valueName\":\"search_term_string\"}}],\"inLanguage\":\"de\"}]}<\/script>\n<!-- \/ Yoast SEO plugin. -->","yoast_head_json":{"title":"Caren - Helen Doron English Frankfurt-S\u00fcd","robots":{"index":"index","follow":"follow","max-snippet":"max-snippet:-1","max-image-preview":"max-image-preview:large","max-video-preview":"max-video-preview:-1"},"canonical":"https:\/\/helendoron.de\/frankfurtsued\/our-team\/caren-leitung\/","og_locale":"de_DE","og_type":"article","og_title":"Caren - Helen Doron English Frankfurt-S\u00fcd","og_description":"Leiterin des Lernzentrums Caren ist seit 2015 Teil von Helen Doron English und leitet heute das Learning Centre Frankfurt-S\u00fcd. Ihre Leidenschaft f\u00fcr die Arbeit mit Kindern hat sie \u00fcber viele Jahre hinweg gepr\u00e4gt \u2013 unter anderem durch ihre Erfahrung in einem Montessori-Kindergarten. Sie ist \u00fcberzeugt, dass Kinder am besten lernen, wenn sie sich wohlf\u00fchlen, selbstbewusst [&hellip;]","og_url":"https:\/\/helendoron.de\/frankfurtsued\/our-team\/caren-leitung\/","og_site_name":"Helen Doron English Frankfurt-S\u00fcd","article_publisher":"https:\/\/www.facebook.com\/HelenDoronFrankfurt","article_modified_time":"2026-04-21T16:11:49+00:00","og_image":[{"width":690,"height":600,"url":"https:\/\/helendoron.de\/frankfurtsued\/wp-content\/uploads\/sites\/72\/2022\/05\/Team-1-e1670588027977.jpg","type":"image\/jpeg"}],"twitter_card":"summary_large_image","twitter_misc":{"Gesch\u00e4tzte Lesezeit":"1\u00a0Minute"},"schema":{"@context":"https:\/\/schema.org","@graph":[{"@type":"WebPage","@id":"https:\/\/helendoron.de\/frankfurtsued\/our-team\/caren-leitung\/","url":"https:\/\/helendoron.de\/frankfurtsued\/our-team\/caren-leitung\/","name":"Caren - Helen Doron English Frankfurt-S\u00fcd","isPartOf":{"@id":"https:\/\/helendoron.de\/frankfurtsued\/#website"},"primaryImageOfPage":{"@id":"https:\/\/helendoron.de\/frankfurtsued\/our-team\/caren-leitung\/#primaryimage"},"image":{"@id":"https:\/\/helendoron.de\/frankfurtsued\/our-team\/caren-leitung\/#primaryimage"},"thumbnailUrl":"https:\/\/helendoron.de\/frankfurtsued\/wp-content\/uploads\/sites\/72\/2022\/05\/Team-1-e1670588027977.jpg","datePublished":"2022-12-16T10:39:16+00:00","dateModified":"2026-04-21T16:11:49+00:00","breadcrumb":{"@id":"https:\/\/helendoron.de\/frankfurtsued\/our-team\/caren-leitung\/#breadcrumb"},"inLanguage":"de","potentialAction":[{"@type":"ReadAction","target":["https:\/\/helendoron.de\/frankfurtsued\/our-team\/caren-leitung\/"]}]},{"@type":"ImageObject","inLanguage":"de","@id":"https:\/\/helendoron.de\/frankfurtsued\/our-team\/caren-leitung\/#primaryimage","url":"https:\/\/helendoron.de\/frankfurtsued\/wp-content\/uploads\/sites\/72\/2022\/05\/Team-1-e1670588027977.jpg","contentUrl":"https:\/\/helendoron.de\/frankfurtsued\/wp-content\/uploads\/sites\/72\/2022\/05\/Team-1-e1670588027977.jpg","width":690,"height":600},{"@type":"BreadcrumbList","@id":"https:\/\/helendoron.de\/frankfurtsued\/our-team\/caren-leitung\/#breadcrumb","itemListElement":[{"@type":"ListItem","position":1,"name":"Home","item":"https:\/\/helendoron.de\/frankfurtsued\/"},{"@type":"ListItem","position":2,"name":"Unser Team","item":"https:\/\/helendoron.de\/frankfurtsued\/our-team\/"},{"@type":"ListItem","position":3,"name":"Caren"}]},{"@type":"WebSite","@id":"https:\/\/helendoron.de\/frankfurtsued\/#website","url":"https:\/\/helendoron.de\/frankfurtsued\/","name":"Helen Doron English Frankfurt-S\u00fcd","description":"Mehr als 15 Jahre erfolgreiche Englischkurse f\u00fcr Kinder in Frankfurt!","potentialAction":[{"@type":"SearchAction","target":{"@type":"EntryPoint","urlTemplate":"https:\/\/helendoron.de\/frankfurtsued\/?s={search_term_string}"},"query-input":{"@type":"PropertyValueSpecification","valueRequired":true,"valueName":"search_term_string"}}],"inLanguage":"de"}]}},"_links":{"self":[{"href":"https:\/\/helendoron.de\/frankfurtsued\/wp-json\/wp\/v2\/pages\/571","targetHints":{"allow":["GET"]}}],"collection":[{"href":"https:\/\/helendoron.de\/frankfurtsued\/wp-json\/wp\/v2\/pages"}],"about":[{"href":"https:\/\/helendoron.de\/frankfurtsued\/wp-json\/wp\/v2\/types\/page"}],"author":[{"embeddable":true,"href":"https:\/\/helendoron.de\/frankfurtsued\/wp-json\/wp\/v2\/users\/74"}],"replies":[{"embeddable":true,"href":"https:\/\/helendoron.de\/frankfurtsued\/wp-json\/wp\/v2\/comments?post=571"}],"version-history":[{"count":3,"href":"https:\/\/helendoron.de\/frankfurtsued\/wp-json\/wp\/v2\/pages\/571\/revisions"}],"predecessor-version":[{"id":978,"href":"https:\/\/helendoron.de\/frankfurtsued\/wp-json\/wp\/v2\/pages\/571\/revisions\/978"}],"up":[{"embeddable":true,"href":"https:\/\/helendoron.de\/frankfurtsued\/wp-json\/wp\/v2\/pages\/314"}],"wp:featuredmedia":[{"embeddable":true,"href":"https:\/\/helendoron.de\/frankfurtsued\/wp-json\/wp\/v2\/media\/442"}],"wp:attachment":[{"href":"https:\/\/helendoron.de\/frankfurtsued\/wp-json\/wp\/v2\/media?parent=571"}],"curies":[{"name":"wp","href":"https:\/\/api.w.org\/{rel}","templated":true}]}}