{"id":314,"date":"2021-10-07T08:35:05","date_gmt":"2021-10-07T08:35:05","guid":{"rendered":"http:\/\/hd-multi.eobiont.opalstacked.com\/hd-dir\/city\/?page_id=68"},"modified":"2026-03-03T12:09:56","modified_gmt":"2026-03-03T12:09:56","slug":"our-team","status":"publish","type":"page","link":"https:\/\/helendoron.de\/duisburg\/our-team\/","title":{"rendered":"Our Team"},"content":{"rendered":"<p>what happens when I write something here?<\/p>\n","protected":false},"excerpt":{"rendered":"<p>what happens when I write something here?<\/p>\n","protected":false},"author":1,"featured_media":508,"parent":0,"menu_order":0,"comment_status":"closed","ping_status":"closed","template":"page-team.php","meta":{"_acf_changed":false,"content-type":"","inline_featured_image":false,"footnotes":""},"class_list":["post-314","page","type-page","status-publish","has-post-thumbnail","hentry"],"acf":[],"yoast_head":"<!-- This site is optimized with the Yoast SEO plugin v27.5 - https:\/\/yoast.com\/product\/yoast-seo-wordpress\/ -->\n<title>Our Team - Helen Doron English Duisburg Mitte-S\u00fcd<\/title>\n<meta name=\"description\" content=\"Unser liebevolles Team aus 9 Lehrerinnen, alle mit Universit\u00e4tsabschl\u00fcssen, besteht aus\u00a0erfahrenen, \u00a0international ausgebildeten und von der BezRg in D\u00fcsseldorf anerkannten Lehrer*innen mit entsprechenden Universit\u00e4tsabschl\u00fcssen: Britta, Kirstin, Sharis, Lina, Ana, B\u00fcsra, Nisa, Mary Beth und Andrea (derzeit in Elternzeit) begr\u00fcssen Ihre Kinder auf das Herzlichste. Bereits seit 2007 sind wir aufgrund der bei der Bezirksregierung nachgewiesenen hohen Qualifikation unseres Kollegiums als auch des Helen Doron Kurs-Curriculums\u00a0von der Mehrwertsteuer befreit.\" \/>\n<meta name=\"robots\" content=\"index, follow, max-snippet:-1, max-image-preview:large, max-video-preview:-1\" \/>\n<link rel=\"canonical\" href=\"https:\/\/helendoron.de\/duisburg\/our-team\/\" \/>\n<meta property=\"og:locale\" content=\"de_DE\" \/>\n<meta property=\"og:type\" content=\"article\" \/>\n<meta property=\"og:title\" content=\"Our Team - Helen Doron English Duisburg Mitte-S\u00fcd\" \/>\n<meta property=\"og:description\" content=\"Unser liebevolles Team aus 9 Lehrerinnen, alle mit Universit\u00e4tsabschl\u00fcssen, besteht aus\u00a0erfahrenen, \u00a0international ausgebildeten und von der BezRg in D\u00fcsseldorf anerkannten Lehrer*innen mit entsprechenden Universit\u00e4tsabschl\u00fcssen: Britta, Kirstin, Sharis, Lina, Ana, B\u00fcsra, Nisa, Mary Beth und Andrea (derzeit in Elternzeit) begr\u00fcssen Ihre Kinder auf das Herzlichste. Bereits seit 2007 sind wir aufgrund der bei der Bezirksregierung nachgewiesenen hohen Qualifikation unseres Kollegiums als auch des Helen Doron Kurs-Curriculums\u00a0von der Mehrwertsteuer befreit.\" \/>\n<meta property=\"og:url\" content=\"https:\/\/helendoron.de\/duisburg\/our-team\/\" \/>\n<meta property=\"og:site_name\" content=\"Helen Doron English Duisburg Mitte-S\u00fcd\" \/>\n<meta property=\"article:modified_time\" content=\"2026-03-03T12:09:56+00:00\" \/>\n<meta property=\"og:image\" content=\"https:\/\/helendoron.de\/duisburg\/wp-content\/uploads\/sites\/28\/2024\/02\/Teil-des-Teams.jpg\" \/>\n\t<meta property=\"og:image:width\" content=\"768\" \/>\n\t<meta property=\"og:image:height\" content=\"1024\" \/>\n\t<meta property=\"og:image:type\" content=\"image\/jpeg\" \/>\n<meta name=\"twitter:card\" content=\"summary_large_image\" \/>\n<meta name=\"twitter:label1\" content=\"Gesch\u00e4tzte Lesezeit\" \/>\n\t<meta name=\"twitter:data1\" content=\"1\u00a0Minute\" \/>\n<script type=\"application\/ld+json\" class=\"yoast-schema-graph\">{\"@context\":\"https:\\\/\\\/schema.org\",\"@graph\":[{\"@type\":\"WebPage\",\"@id\":\"https:\\\/\\\/helendoron.de\\\/duisburg\\\/our-team\\\/\",\"url\":\"https:\\\/\\\/helendoron.de\\\/duisburg\\\/our-team\\\/\",\"name\":\"Our Team - Helen Doron English Duisburg Mitte-S\u00fcd\",\"isPartOf\":{\"@id\":\"https:\\\/\\\/helendoron.de\\\/duisburg\\\/#website\"},\"primaryImageOfPage\":{\"@id\":\"https:\\\/\\\/helendoron.de\\\/duisburg\\\/our-team\\\/#primaryimage\"},\"image\":{\"@id\":\"https:\\\/\\\/helendoron.de\\\/duisburg\\\/our-team\\\/#primaryimage\"},\"thumbnailUrl\":\"https:\\\/\\\/helendoron.de\\\/duisburg\\\/wp-content\\\/uploads\\\/sites\\\/28\\\/2024\\\/02\\\/Teil-des-Teams.jpg\",\"datePublished\":\"2021-10-07T08:35:05+00:00\",\"dateModified\":\"2026-03-03T12:09:56+00:00\",\"description\":\"Unser liebevolles Team aus 9 Lehrerinnen, alle mit Universit\u00e4tsabschl\u00fcssen, besteht aus\u00a0erfahrenen, \u00a0international ausgebildeten und von der BezRg in D\u00fcsseldorf anerkannten Lehrer*innen mit entsprechenden Universit\u00e4tsabschl\u00fcssen: Britta, Kirstin, Sharis, Lina, Ana, B\u00fcsra, Nisa, Mary Beth und Andrea (derzeit in Elternzeit) begr\u00fcssen Ihre Kinder auf das Herzlichste. Bereits seit 2007 sind wir aufgrund der bei der Bezirksregierung nachgewiesenen hohen Qualifikation unseres Kollegiums als auch des Helen Doron Kurs-Curriculums\u00a0von der Mehrwertsteuer befreit.\",\"breadcrumb\":{\"@id\":\"https:\\\/\\\/helendoron.de\\\/duisburg\\\/our-team\\\/#breadcrumb\"},\"inLanguage\":\"de\",\"potentialAction\":[{\"@type\":\"ReadAction\",\"target\":[\"https:\\\/\\\/helendoron.de\\\/duisburg\\\/our-team\\\/\"]}]},{\"@type\":\"ImageObject\",\"inLanguage\":\"de\",\"@id\":\"https:\\\/\\\/helendoron.de\\\/duisburg\\\/our-team\\\/#primaryimage\",\"url\":\"https:\\\/\\\/helendoron.de\\\/duisburg\\\/wp-content\\\/uploads\\\/sites\\\/28\\\/2024\\\/02\\\/Teil-des-Teams.jpg\",\"contentUrl\":\"https:\\\/\\\/helendoron.de\\\/duisburg\\\/wp-content\\\/uploads\\\/sites\\\/28\\\/2024\\\/02\\\/Teil-des-Teams.jpg\",\"width\":768,\"height\":1024},{\"@type\":\"BreadcrumbList\",\"@id\":\"https:\\\/\\\/helendoron.de\\\/duisburg\\\/our-team\\\/#breadcrumb\",\"itemListElement\":[{\"@type\":\"ListItem\",\"position\":1,\"name\":\"Home\",\"item\":\"https:\\\/\\\/helendoron.de\\\/duisburg\\\/\"},{\"@type\":\"ListItem\",\"position\":2,\"name\":\"Our Team\"}]},{\"@type\":\"WebSite\",\"@id\":\"https:\\\/\\\/helendoron.de\\\/duisburg\\\/#website\",\"url\":\"https:\\\/\\\/helendoron.de\\\/duisburg\\\/\",\"name\":\"Helen Doron English Duisburg Mitte-S\u00fcd\",\"description\":\"\",\"potentialAction\":[{\"@type\":\"SearchAction\",\"target\":{\"@type\":\"EntryPoint\",\"urlTemplate\":\"https:\\\/\\\/helendoron.de\\\/duisburg\\\/?s={search_term_string}\"},\"query-input\":{\"@type\":\"PropertyValueSpecification\",\"valueRequired\":true,\"valueName\":\"search_term_string\"}}],\"inLanguage\":\"de\"}]}<\/script>\n<!-- \/ Yoast SEO plugin. -->","yoast_head_json":{"title":"Our Team - Helen Doron English Duisburg Mitte-S\u00fcd","description":"Unser liebevolles Team aus 9 Lehrerinnen, alle mit Universit\u00e4tsabschl\u00fcssen, besteht aus\u00a0erfahrenen, \u00a0international ausgebildeten und von der BezRg in D\u00fcsseldorf anerkannten Lehrer*innen mit entsprechenden Universit\u00e4tsabschl\u00fcssen: Britta, Kirstin, Sharis, Lina, Ana, B\u00fcsra, Nisa, Mary Beth und Andrea (derzeit in Elternzeit) begr\u00fcssen Ihre Kinder auf das Herzlichste. Bereits seit 2007 sind wir aufgrund der bei der Bezirksregierung nachgewiesenen hohen Qualifikation unseres Kollegiums als auch des Helen Doron Kurs-Curriculums\u00a0von der Mehrwertsteuer befreit.","robots":{"index":"index","follow":"follow","max-snippet":"max-snippet:-1","max-image-preview":"max-image-preview:large","max-video-preview":"max-video-preview:-1"},"canonical":"https:\/\/helendoron.de\/duisburg\/our-team\/","og_locale":"de_DE","og_type":"article","og_title":"Our Team - Helen Doron English Duisburg Mitte-S\u00fcd","og_description":"Unser liebevolles Team aus 9 Lehrerinnen, alle mit Universit\u00e4tsabschl\u00fcssen, besteht aus\u00a0erfahrenen, \u00a0international ausgebildeten und von der BezRg in D\u00fcsseldorf anerkannten Lehrer*innen mit entsprechenden Universit\u00e4tsabschl\u00fcssen: Britta, Kirstin, Sharis, Lina, Ana, B\u00fcsra, Nisa, Mary Beth und Andrea (derzeit in Elternzeit) begr\u00fcssen Ihre Kinder auf das Herzlichste. Bereits seit 2007 sind wir aufgrund der bei der Bezirksregierung nachgewiesenen hohen Qualifikation unseres Kollegiums als auch des Helen Doron Kurs-Curriculums\u00a0von der Mehrwertsteuer befreit.","og_url":"https:\/\/helendoron.de\/duisburg\/our-team\/","og_site_name":"Helen Doron English Duisburg Mitte-S\u00fcd","article_modified_time":"2026-03-03T12:09:56+00:00","og_image":[{"width":768,"height":1024,"url":"https:\/\/helendoron.de\/duisburg\/wp-content\/uploads\/sites\/28\/2024\/02\/Teil-des-Teams.jpg","type":"image\/jpeg"}],"twitter_card":"summary_large_image","twitter_misc":{"Gesch\u00e4tzte Lesezeit":"1\u00a0Minute"},"schema":{"@context":"https:\/\/schema.org","@graph":[{"@type":"WebPage","@id":"https:\/\/helendoron.de\/duisburg\/our-team\/","url":"https:\/\/helendoron.de\/duisburg\/our-team\/","name":"Our Team - Helen Doron English Duisburg Mitte-S\u00fcd","isPartOf":{"@id":"https:\/\/helendoron.de\/duisburg\/#website"},"primaryImageOfPage":{"@id":"https:\/\/helendoron.de\/duisburg\/our-team\/#primaryimage"},"image":{"@id":"https:\/\/helendoron.de\/duisburg\/our-team\/#primaryimage"},"thumbnailUrl":"https:\/\/helendoron.de\/duisburg\/wp-content\/uploads\/sites\/28\/2024\/02\/Teil-des-Teams.jpg","datePublished":"2021-10-07T08:35:05+00:00","dateModified":"2026-03-03T12:09:56+00:00","description":"Unser liebevolles Team aus 9 Lehrerinnen, alle mit Universit\u00e4tsabschl\u00fcssen, besteht aus\u00a0erfahrenen, \u00a0international ausgebildeten und von der BezRg in D\u00fcsseldorf anerkannten Lehrer*innen mit entsprechenden Universit\u00e4tsabschl\u00fcssen: Britta, Kirstin, Sharis, Lina, Ana, B\u00fcsra, Nisa, Mary Beth und Andrea (derzeit in Elternzeit) begr\u00fcssen Ihre Kinder auf das Herzlichste. Bereits seit 2007 sind wir aufgrund der bei der Bezirksregierung nachgewiesenen hohen Qualifikation unseres Kollegiums als auch des Helen Doron Kurs-Curriculums\u00a0von der Mehrwertsteuer befreit.","breadcrumb":{"@id":"https:\/\/helendoron.de\/duisburg\/our-team\/#breadcrumb"},"inLanguage":"de","potentialAction":[{"@type":"ReadAction","target":["https:\/\/helendoron.de\/duisburg\/our-team\/"]}]},{"@type":"ImageObject","inLanguage":"de","@id":"https:\/\/helendoron.de\/duisburg\/our-team\/#primaryimage","url":"https:\/\/helendoron.de\/duisburg\/wp-content\/uploads\/sites\/28\/2024\/02\/Teil-des-Teams.jpg","contentUrl":"https:\/\/helendoron.de\/duisburg\/wp-content\/uploads\/sites\/28\/2024\/02\/Teil-des-Teams.jpg","width":768,"height":1024},{"@type":"BreadcrumbList","@id":"https:\/\/helendoron.de\/duisburg\/our-team\/#breadcrumb","itemListElement":[{"@type":"ListItem","position":1,"name":"Home","item":"https:\/\/helendoron.de\/duisburg\/"},{"@type":"ListItem","position":2,"name":"Our Team"}]},{"@type":"WebSite","@id":"https:\/\/helendoron.de\/duisburg\/#website","url":"https:\/\/helendoron.de\/duisburg\/","name":"Helen Doron English Duisburg Mitte-S\u00fcd","description":"","potentialAction":[{"@type":"SearchAction","target":{"@type":"EntryPoint","urlTemplate":"https:\/\/helendoron.de\/duisburg\/?s={search_term_string}"},"query-input":{"@type":"PropertyValueSpecification","valueRequired":true,"valueName":"search_term_string"}}],"inLanguage":"de"}]}},"_links":{"self":[{"href":"https:\/\/helendoron.de\/duisburg\/wp-json\/wp\/v2\/pages\/314","targetHints":{"allow":["GET"]}}],"collection":[{"href":"https:\/\/helendoron.de\/duisburg\/wp-json\/wp\/v2\/pages"}],"about":[{"href":"https:\/\/helendoron.de\/duisburg\/wp-json\/wp\/v2\/types\/page"}],"author":[{"embeddable":true,"href":"https:\/\/helendoron.de\/duisburg\/wp-json\/wp\/v2\/users\/1"}],"replies":[{"embeddable":true,"href":"https:\/\/helendoron.de\/duisburg\/wp-json\/wp\/v2\/comments?post=314"}],"version-history":[{"count":4,"href":"https:\/\/helendoron.de\/duisburg\/wp-json\/wp\/v2\/pages\/314\/revisions"}],"predecessor-version":[{"id":802,"href":"https:\/\/helendoron.de\/duisburg\/wp-json\/wp\/v2\/pages\/314\/revisions\/802"}],"wp:featuredmedia":[{"embeddable":true,"href":"https:\/\/helendoron.de\/duisburg\/wp-json\/wp\/v2\/media\/508"}],"wp:attachment":[{"href":"https:\/\/helendoron.de\/duisburg\/wp-json\/wp\/v2\/media?parent=314"}],"curies":[{"name":"wp","href":"https:\/\/api.w.org\/{rel}","templated":true}]}}