{"id":110,"date":"2021-10-08T15:25:39","date_gmt":"2021-10-08T15:25:39","guid":{"rendered":"http:\/\/hd-multi.eobiont.opalstacked.com\/hd-dir\/city\/?page_id=110"},"modified":"2026-02-01T18:54:20","modified_gmt":"2026-02-01T18:54:20","slug":"kurse-mit-freien-plaetzen","status":"publish","type":"page","link":"https:\/\/helendoron.de\/dreieich\/kurse-mit-freien-plaetzen\/","title":{"rendered":"Kurse mit freien Pl\u00e4tzen"},"content":{"rendered":"","protected":false},"excerpt":{"rendered":"","protected":false},"author":1,"featured_media":0,"parent":0,"menu_order":0,"comment_status":"closed","ping_status":"closed","template":"page-price.php","meta":{"_acf_changed":false,"content-type":"","inline_featured_image":false,"footnotes":""},"class_list":["post-110","page","type-page","status-publish","hentry"],"acf":[],"yoast_head":"<!-- This site is optimized with the Yoast SEO plugin v27.5 - https:\/\/yoast.com\/product\/yoast-seo-wordpress\/ -->\n<title>Jetzt anmelden: Englischkurse in Dreieich \u2013 Pl\u00e4tze verf\u00fcgbar<\/title>\n<meta name=\"description\" content=\"Entdecke freie Pl\u00e4tze in unseren Englischkursen in Dreieich. Melde dich noch heute an und sichere dir deinen Platz in unseren beliebten Kursen f\u00fcr alle Altersgruppen.\" \/>\n<meta name=\"robots\" content=\"index, follow, max-snippet:-1, max-image-preview:large, max-video-preview:-1\" \/>\n<link rel=\"canonical\" href=\"https:\/\/helendoron.de\/dreieich\/kurse-mit-freien-plaetzen\/\" \/>\n<meta property=\"og:locale\" content=\"de_DE\" \/>\n<meta property=\"og:type\" content=\"article\" \/>\n<meta property=\"og:title\" content=\"Jetzt anmelden: Englischkurse in Dreieich \u2013 Pl\u00e4tze verf\u00fcgbar\" \/>\n<meta property=\"og:description\" content=\"Entdecke freie Pl\u00e4tze in unseren Englischkursen in Dreieich. Melde dich noch heute an und sichere dir deinen Platz in unseren beliebten Kursen f\u00fcr alle Altersgruppen.\" \/>\n<meta property=\"og:url\" content=\"https:\/\/helendoron.de\/dreieich\/kurse-mit-freien-plaetzen\/\" \/>\n<meta property=\"og:site_name\" content=\"Helen Doron English Dreieich\" \/>\n<meta property=\"article:publisher\" content=\"https:\/\/www.facebook.com\/HelenDoronEnglishDreieich\/?locale=de_DE\" \/>\n<meta property=\"article:modified_time\" content=\"2026-02-01T18:54:20+00:00\" \/>\n<meta name=\"twitter:card\" content=\"summary_large_image\" \/>\n<meta name=\"twitter:label1\" content=\"Gesch\u00e4tzte Lesezeit\" \/>\n\t<meta name=\"twitter:data1\" content=\"1\u00a0Minute\" \/>\n<script type=\"application\/ld+json\" class=\"yoast-schema-graph\">{\"@context\":\"https:\\\/\\\/schema.org\",\"@graph\":[{\"@type\":\"WebPage\",\"@id\":\"https:\\\/\\\/helendoron.de\\\/dreieich\\\/kurse-mit-freien-plaetzen\\\/\",\"url\":\"https:\\\/\\\/helendoron.de\\\/dreieich\\\/kurse-mit-freien-plaetzen\\\/\",\"name\":\"Jetzt anmelden: Englischkurse in Dreieich \u2013 Pl\u00e4tze verf\u00fcgbar\",\"isPartOf\":{\"@id\":\"https:\\\/\\\/helendoron.de\\\/dreieich\\\/#website\"},\"datePublished\":\"2021-10-08T15:25:39+00:00\",\"dateModified\":\"2026-02-01T18:54:20+00:00\",\"description\":\"Entdecke freie Pl\u00e4tze in unseren Englischkursen in Dreieich. Melde dich noch heute an und sichere dir deinen Platz in unseren beliebten Kursen f\u00fcr alle Altersgruppen.\",\"breadcrumb\":{\"@id\":\"https:\\\/\\\/helendoron.de\\\/dreieich\\\/kurse-mit-freien-plaetzen\\\/#breadcrumb\"},\"inLanguage\":\"de\",\"potentialAction\":[{\"@type\":\"ReadAction\",\"target\":[\"https:\\\/\\\/helendoron.de\\\/dreieich\\\/kurse-mit-freien-plaetzen\\\/\"]}]},{\"@type\":\"BreadcrumbList\",\"@id\":\"https:\\\/\\\/helendoron.de\\\/dreieich\\\/kurse-mit-freien-plaetzen\\\/#breadcrumb\",\"itemListElement\":[{\"@type\":\"ListItem\",\"position\":1,\"name\":\"Home\",\"item\":\"https:\\\/\\\/helendoron.de\\\/dreieich\\\/\"},{\"@type\":\"ListItem\",\"position\":2,\"name\":\"Kurse mit freien Pl\u00e4tzen\"}]},{\"@type\":\"WebSite\",\"@id\":\"https:\\\/\\\/helendoron.de\\\/dreieich\\\/#website\",\"url\":\"https:\\\/\\\/helendoron.de\\\/dreieich\\\/\",\"name\":\"Helen Doron English Dreieich\",\"description\":\"\",\"publisher\":{\"@id\":\"https:\\\/\\\/helendoron.de\\\/dreieich\\\/#organization\"},\"potentialAction\":[{\"@type\":\"SearchAction\",\"target\":{\"@type\":\"EntryPoint\",\"urlTemplate\":\"https:\\\/\\\/helendoron.de\\\/dreieich\\\/?s={search_term_string}\"},\"query-input\":{\"@type\":\"PropertyValueSpecification\",\"valueRequired\":true,\"valueName\":\"search_term_string\"}}],\"inLanguage\":\"de\"},{\"@type\":\"Organization\",\"@id\":\"https:\\\/\\\/helendoron.de\\\/dreieich\\\/#organization\",\"name\":\"Helen Doron English Dreieich\",\"url\":\"https:\\\/\\\/helendoron.de\\\/dreieich\\\/\",\"logo\":{\"@type\":\"ImageObject\",\"inLanguage\":\"de\",\"@id\":\"https:\\\/\\\/helendoron.de\\\/dreieich\\\/#\\\/schema\\\/logo\\\/image\\\/\",\"url\":\"https:\\\/\\\/helendoron.de\\\/dreieich\\\/wp-content\\\/uploads\\\/sites\\\/5\\\/2025\\\/01\\\/Helen_Doron_Profilbild_Head_Office.jpg\",\"contentUrl\":\"https:\\\/\\\/helendoron.de\\\/dreieich\\\/wp-content\\\/uploads\\\/sites\\\/5\\\/2025\\\/01\\\/Helen_Doron_Profilbild_Head_Office.jpg\",\"width\":2048,\"height\":2048,\"caption\":\"Helen Doron English Dreieich\"},\"image\":{\"@id\":\"https:\\\/\\\/helendoron.de\\\/dreieich\\\/#\\\/schema\\\/logo\\\/image\\\/\"},\"sameAs\":[\"https:\\\/\\\/www.facebook.com\\\/HelenDoronEnglishDreieich\\\/?locale=de_DE\",\"https:\\\/\\\/www.instagram.com\\\/helendorondreieich\\\/\"]}]}<\/script>\n<!-- \/ Yoast SEO plugin. -->","yoast_head_json":{"title":"Jetzt anmelden: Englischkurse in Dreieich \u2013 Pl\u00e4tze verf\u00fcgbar","description":"Entdecke freie Pl\u00e4tze in unseren Englischkursen in Dreieich. Melde dich noch heute an und sichere dir deinen Platz in unseren beliebten Kursen f\u00fcr alle Altersgruppen.","robots":{"index":"index","follow":"follow","max-snippet":"max-snippet:-1","max-image-preview":"max-image-preview:large","max-video-preview":"max-video-preview:-1"},"canonical":"https:\/\/helendoron.de\/dreieich\/kurse-mit-freien-plaetzen\/","og_locale":"de_DE","og_type":"article","og_title":"Jetzt anmelden: Englischkurse in Dreieich \u2013 Pl\u00e4tze verf\u00fcgbar","og_description":"Entdecke freie Pl\u00e4tze in unseren Englischkursen in Dreieich. Melde dich noch heute an und sichere dir deinen Platz in unseren beliebten Kursen f\u00fcr alle Altersgruppen.","og_url":"https:\/\/helendoron.de\/dreieich\/kurse-mit-freien-plaetzen\/","og_site_name":"Helen Doron English Dreieich","article_publisher":"https:\/\/www.facebook.com\/HelenDoronEnglishDreieich\/?locale=de_DE","article_modified_time":"2026-02-01T18:54:20+00:00","twitter_card":"summary_large_image","twitter_misc":{"Gesch\u00e4tzte Lesezeit":"1\u00a0Minute"},"schema":{"@context":"https:\/\/schema.org","@graph":[{"@type":"WebPage","@id":"https:\/\/helendoron.de\/dreieich\/kurse-mit-freien-plaetzen\/","url":"https:\/\/helendoron.de\/dreieich\/kurse-mit-freien-plaetzen\/","name":"Jetzt anmelden: Englischkurse in Dreieich \u2013 Pl\u00e4tze verf\u00fcgbar","isPartOf":{"@id":"https:\/\/helendoron.de\/dreieich\/#website"},"datePublished":"2021-10-08T15:25:39+00:00","dateModified":"2026-02-01T18:54:20+00:00","description":"Entdecke freie Pl\u00e4tze in unseren Englischkursen in Dreieich. Melde dich noch heute an und sichere dir deinen Platz in unseren beliebten Kursen f\u00fcr alle Altersgruppen.","breadcrumb":{"@id":"https:\/\/helendoron.de\/dreieich\/kurse-mit-freien-plaetzen\/#breadcrumb"},"inLanguage":"de","potentialAction":[{"@type":"ReadAction","target":["https:\/\/helendoron.de\/dreieich\/kurse-mit-freien-plaetzen\/"]}]},{"@type":"BreadcrumbList","@id":"https:\/\/helendoron.de\/dreieich\/kurse-mit-freien-plaetzen\/#breadcrumb","itemListElement":[{"@type":"ListItem","position":1,"name":"Home","item":"https:\/\/helendoron.de\/dreieich\/"},{"@type":"ListItem","position":2,"name":"Kurse mit freien Pl\u00e4tzen"}]},{"@type":"WebSite","@id":"https:\/\/helendoron.de\/dreieich\/#website","url":"https:\/\/helendoron.de\/dreieich\/","name":"Helen Doron English Dreieich","description":"","publisher":{"@id":"https:\/\/helendoron.de\/dreieich\/#organization"},"potentialAction":[{"@type":"SearchAction","target":{"@type":"EntryPoint","urlTemplate":"https:\/\/helendoron.de\/dreieich\/?s={search_term_string}"},"query-input":{"@type":"PropertyValueSpecification","valueRequired":true,"valueName":"search_term_string"}}],"inLanguage":"de"},{"@type":"Organization","@id":"https:\/\/helendoron.de\/dreieich\/#organization","name":"Helen Doron English Dreieich","url":"https:\/\/helendoron.de\/dreieich\/","logo":{"@type":"ImageObject","inLanguage":"de","@id":"https:\/\/helendoron.de\/dreieich\/#\/schema\/logo\/image\/","url":"https:\/\/helendoron.de\/dreieich\/wp-content\/uploads\/sites\/5\/2025\/01\/Helen_Doron_Profilbild_Head_Office.jpg","contentUrl":"https:\/\/helendoron.de\/dreieich\/wp-content\/uploads\/sites\/5\/2025\/01\/Helen_Doron_Profilbild_Head_Office.jpg","width":2048,"height":2048,"caption":"Helen Doron English Dreieich"},"image":{"@id":"https:\/\/helendoron.de\/dreieich\/#\/schema\/logo\/image\/"},"sameAs":["https:\/\/www.facebook.com\/HelenDoronEnglishDreieich\/?locale=de_DE","https:\/\/www.instagram.com\/helendorondreieich\/"]}]}},"_links":{"self":[{"href":"https:\/\/helendoron.de\/dreieich\/wp-json\/wp\/v2\/pages\/110","targetHints":{"allow":["GET"]}}],"collection":[{"href":"https:\/\/helendoron.de\/dreieich\/wp-json\/wp\/v2\/pages"}],"about":[{"href":"https:\/\/helendoron.de\/dreieich\/wp-json\/wp\/v2\/types\/page"}],"author":[{"embeddable":true,"href":"https:\/\/helendoron.de\/dreieich\/wp-json\/wp\/v2\/users\/1"}],"replies":[{"embeddable":true,"href":"https:\/\/helendoron.de\/dreieich\/wp-json\/wp\/v2\/comments?post=110"}],"version-history":[{"count":1,"href":"https:\/\/helendoron.de\/dreieich\/wp-json\/wp\/v2\/pages\/110\/revisions"}],"predecessor-version":[{"id":1015,"href":"https:\/\/helendoron.de\/dreieich\/wp-json\/wp\/v2\/pages\/110\/revisions\/1015"}],"wp:attachment":[{"href":"https:\/\/helendoron.de\/dreieich\/wp-json\/wp\/v2\/media?parent=110"}],"curies":[{"name":"wp","href":"https:\/\/api.w.org\/{rel}","templated":true}]}}