{"id":313,"date":"2021-08-17T13:21:12","date_gmt":"2021-08-17T13:21:12","guid":{"rendered":"http:\/\/hd-multi.eobiont.opalstacked.com\/hd-dir\/city\/?page_id=6"},"modified":"2026-02-11T16:40:32","modified_gmt":"2026-02-11T16:40:32","slug":"englisch-fuer-kinder-in-bonn","status":"publish","type":"page","link":"https:\/\/helendoron.de\/bonn-nord\/","title":{"rendered":"Englisch f\u00fcr Kinder in Bonn"},"content":{"rendered":"\r\n<p>what is this?<\/p>\r\n","protected":false},"excerpt":{"rendered":"<p>what is this?<\/p>\n","protected":false},"author":1,"featured_media":0,"parent":0,"menu_order":0,"comment_status":"closed","ping_status":"closed","template":"page-welcome.php","meta":{"_acf_changed":false,"content-type":"","inline_featured_image":false,"footnotes":""},"class_list":["post-313","page","type-page","status-publish","hentry"],"acf":[],"yoast_head":"<!-- This site is optimized with the Yoast SEO plugin v27.5 - https:\/\/yoast.com\/product\/yoast-seo-wordpress\/ -->\n<title>Englisch f\u00fcr Kinder in Bonn<\/title>\n<meta name=\"description\" content=\"Englisch f\u00fcr Kinder in Bonn. Lernen mit Spiel, Spass und Musik. Bei uns lernen Kinder in Kleingruppen von 4-8 Sch\u00fclern.\" \/>\n<meta name=\"robots\" content=\"noindex, follow, max-snippet:-1, max-image-preview:large, max-video-preview:-1\" \/>\n<meta property=\"og:locale\" content=\"de_DE\" \/>\n<meta property=\"og:type\" content=\"article\" \/>\n<meta property=\"og:title\" content=\"Englisch f\u00fcr Kinder in Bonn\" \/>\n<meta property=\"og:description\" content=\"Englisch f\u00fcr Kinder in Bonn. Lernen mit Spiel, Spass und Musik. Bei uns lernen Kinder in Kleingruppen von 4-8 Sch\u00fclern.\" \/>\n<meta property=\"og:url\" content=\"https:\/\/helendoron.de\/bonn-nord\/\" \/>\n<meta property=\"og:site_name\" content=\"Helen Doron English Bonn-Nord\" \/>\n<meta property=\"article:publisher\" content=\"https:\/\/www.facebook.com\/helendoronbonn\" \/>\n<meta property=\"article:modified_time\" content=\"2026-02-11T16:40:32+00:00\" \/>\n<meta name=\"twitter:card\" content=\"summary_large_image\" \/>\n<meta name=\"twitter:label1\" content=\"Gesch\u00e4tzte Lesezeit\" \/>\n\t<meta name=\"twitter:data1\" content=\"6\u00a0Minuten\" \/>\n<script type=\"application\/ld+json\" class=\"yoast-schema-graph\">{\"@context\":\"https:\\\/\\\/schema.org\",\"@graph\":[{\"@type\":\"WebPage\",\"@id\":\"https:\\\/\\\/helendoron.de\\\/bonn-nord\\\/\",\"url\":\"https:\\\/\\\/helendoron.de\\\/bonn-nord\\\/\",\"name\":\"Englisch f\u00fcr Kinder in Bonn\",\"isPartOf\":{\"@id\":\"https:\\\/\\\/helendoron.de\\\/bonn-nord\\\/#website\"},\"datePublished\":\"2021-08-17T13:21:12+00:00\",\"dateModified\":\"2026-02-11T16:40:32+00:00\",\"description\":\"Englisch f\u00fcr Kinder in Bonn. Lernen mit Spiel, Spass und Musik. Bei uns lernen Kinder in Kleingruppen von 4-8 Sch\u00fclern.\",\"breadcrumb\":{\"@id\":\"https:\\\/\\\/helendoron.de\\\/bonn-nord\\\/#breadcrumb\"},\"inLanguage\":\"de\",\"potentialAction\":[{\"@type\":\"ReadAction\",\"target\":[\"https:\\\/\\\/helendoron.de\\\/bonn-nord\\\/\"]}]},{\"@type\":\"BreadcrumbList\",\"@id\":\"https:\\\/\\\/helendoron.de\\\/bonn-nord\\\/#breadcrumb\",\"itemListElement\":[{\"@type\":\"ListItem\",\"position\":1,\"name\":\"Home\",\"item\":\"https:\\\/\\\/helendoron.de\\\/bonn-nord\\\/\"},{\"@type\":\"ListItem\",\"position\":2,\"name\":\"Englisch f\u00fcr Kinder in Bonn\"}]},{\"@type\":\"WebSite\",\"@id\":\"https:\\\/\\\/helendoron.de\\\/bonn-nord\\\/#website\",\"url\":\"https:\\\/\\\/helendoron.de\\\/bonn-nord\\\/\",\"name\":\"Helen Doron English Bonn-Nord\",\"description\":\"Englisch f\u00fcr Kinder mit Spass\",\"publisher\":{\"@id\":\"https:\\\/\\\/helendoron.de\\\/bonn-nord\\\/#organization\"},\"potentialAction\":[{\"@type\":\"SearchAction\",\"target\":{\"@type\":\"EntryPoint\",\"urlTemplate\":\"https:\\\/\\\/helendoron.de\\\/bonn-nord\\\/?s={search_term_string}\"},\"query-input\":{\"@type\":\"PropertyValueSpecification\",\"valueRequired\":true,\"valueName\":\"search_term_string\"}}],\"inLanguage\":\"de\"},{\"@type\":\"Organization\",\"@id\":\"https:\\\/\\\/helendoron.de\\\/bonn-nord\\\/#organization\",\"name\":\"Helen Doron\",\"url\":\"https:\\\/\\\/helendoron.de\\\/bonn-nord\\\/\",\"logo\":{\"@type\":\"ImageObject\",\"inLanguage\":\"de\",\"@id\":\"https:\\\/\\\/helendoron.de\\\/bonn-nord\\\/#\\\/schema\\\/logo\\\/image\\\/\",\"url\":\"https:\\\/\\\/helendoron.de\\\/bonn-nord\\\/wp-content\\\/uploads\\\/sites\\\/86\\\/2022\\\/05\\\/FB_Logo-06.jpg\",\"contentUrl\":\"https:\\\/\\\/helendoron.de\\\/bonn-nord\\\/wp-content\\\/uploads\\\/sites\\\/86\\\/2022\\\/05\\\/FB_Logo-06.jpg\",\"width\":751,\"height\":751,\"caption\":\"Helen Doron\"},\"image\":{\"@id\":\"https:\\\/\\\/helendoron.de\\\/bonn-nord\\\/#\\\/schema\\\/logo\\\/image\\\/\"},\"sameAs\":[\"https:\\\/\\\/www.facebook.com\\\/helendoronbonn\",\"https:\\\/\\\/www.instagram.com\\\/englischkinderbonn\\\/\"]}]}<\/script>\n<!-- \/ Yoast SEO plugin. -->","yoast_head_json":{"title":"Englisch f\u00fcr Kinder in Bonn","description":"Englisch f\u00fcr Kinder in Bonn. Lernen mit Spiel, Spass und Musik. Bei uns lernen Kinder in Kleingruppen von 4-8 Sch\u00fclern.","robots":{"index":"noindex","follow":"follow","max-snippet":"max-snippet:-1","max-image-preview":"max-image-preview:large","max-video-preview":"max-video-preview:-1"},"og_locale":"de_DE","og_type":"article","og_title":"Englisch f\u00fcr Kinder in Bonn","og_description":"Englisch f\u00fcr Kinder in Bonn. Lernen mit Spiel, Spass und Musik. Bei uns lernen Kinder in Kleingruppen von 4-8 Sch\u00fclern.","og_url":"https:\/\/helendoron.de\/bonn-nord\/","og_site_name":"Helen Doron English Bonn-Nord","article_publisher":"https:\/\/www.facebook.com\/helendoronbonn","article_modified_time":"2026-02-11T16:40:32+00:00","twitter_card":"summary_large_image","twitter_misc":{"Gesch\u00e4tzte Lesezeit":"6\u00a0Minuten"},"schema":{"@context":"https:\/\/schema.org","@graph":[{"@type":"WebPage","@id":"https:\/\/helendoron.de\/bonn-nord\/","url":"https:\/\/helendoron.de\/bonn-nord\/","name":"Englisch f\u00fcr Kinder in Bonn","isPartOf":{"@id":"https:\/\/helendoron.de\/bonn-nord\/#website"},"datePublished":"2021-08-17T13:21:12+00:00","dateModified":"2026-02-11T16:40:32+00:00","description":"Englisch f\u00fcr Kinder in Bonn. Lernen mit Spiel, Spass und Musik. Bei uns lernen Kinder in Kleingruppen von 4-8 Sch\u00fclern.","breadcrumb":{"@id":"https:\/\/helendoron.de\/bonn-nord\/#breadcrumb"},"inLanguage":"de","potentialAction":[{"@type":"ReadAction","target":["https:\/\/helendoron.de\/bonn-nord\/"]}]},{"@type":"BreadcrumbList","@id":"https:\/\/helendoron.de\/bonn-nord\/#breadcrumb","itemListElement":[{"@type":"ListItem","position":1,"name":"Home","item":"https:\/\/helendoron.de\/bonn-nord\/"},{"@type":"ListItem","position":2,"name":"Englisch f\u00fcr Kinder in Bonn"}]},{"@type":"WebSite","@id":"https:\/\/helendoron.de\/bonn-nord\/#website","url":"https:\/\/helendoron.de\/bonn-nord\/","name":"Helen Doron English Bonn-Nord","description":"Englisch f\u00fcr Kinder mit Spass","publisher":{"@id":"https:\/\/helendoron.de\/bonn-nord\/#organization"},"potentialAction":[{"@type":"SearchAction","target":{"@type":"EntryPoint","urlTemplate":"https:\/\/helendoron.de\/bonn-nord\/?s={search_term_string}"},"query-input":{"@type":"PropertyValueSpecification","valueRequired":true,"valueName":"search_term_string"}}],"inLanguage":"de"},{"@type":"Organization","@id":"https:\/\/helendoron.de\/bonn-nord\/#organization","name":"Helen Doron","url":"https:\/\/helendoron.de\/bonn-nord\/","logo":{"@type":"ImageObject","inLanguage":"de","@id":"https:\/\/helendoron.de\/bonn-nord\/#\/schema\/logo\/image\/","url":"https:\/\/helendoron.de\/bonn-nord\/wp-content\/uploads\/sites\/86\/2022\/05\/FB_Logo-06.jpg","contentUrl":"https:\/\/helendoron.de\/bonn-nord\/wp-content\/uploads\/sites\/86\/2022\/05\/FB_Logo-06.jpg","width":751,"height":751,"caption":"Helen Doron"},"image":{"@id":"https:\/\/helendoron.de\/bonn-nord\/#\/schema\/logo\/image\/"},"sameAs":["https:\/\/www.facebook.com\/helendoronbonn","https:\/\/www.instagram.com\/englischkinderbonn\/"]}]}},"_links":{"self":[{"href":"https:\/\/helendoron.de\/bonn-nord\/wp-json\/wp\/v2\/pages\/313","targetHints":{"allow":["GET"]}}],"collection":[{"href":"https:\/\/helendoron.de\/bonn-nord\/wp-json\/wp\/v2\/pages"}],"about":[{"href":"https:\/\/helendoron.de\/bonn-nord\/wp-json\/wp\/v2\/types\/page"}],"author":[{"embeddable":true,"href":"https:\/\/helendoron.de\/bonn-nord\/wp-json\/wp\/v2\/users\/1"}],"replies":[{"embeddable":true,"href":"https:\/\/helendoron.de\/bonn-nord\/wp-json\/wp\/v2\/comments?post=313"}],"version-history":[{"count":4,"href":"https:\/\/helendoron.de\/bonn-nord\/wp-json\/wp\/v2\/pages\/313\/revisions"}],"predecessor-version":[{"id":676,"href":"https:\/\/helendoron.de\/bonn-nord\/wp-json\/wp\/v2\/pages\/313\/revisions\/676"}],"wp:attachment":[{"href":"https:\/\/helendoron.de\/bonn-nord\/wp-json\/wp\/v2\/media?parent=313"}],"curies":[{"name":"wp","href":"https:\/\/api.w.org\/{rel}","templated":true}]}}