{"id":313,"date":"2021-08-17T13:21:12","date_gmt":"2021-08-17T13:21:12","guid":{"rendered":"http:\/\/hd-multi.eobiont.opalstacked.com\/hd-dir\/city\/?page_id=6"},"modified":"2025-12-17T16:52:00","modified_gmt":"2025-12-17T16:52:00","slug":"welcome","status":"publish","type":"page","link":"https:\/\/helendoron.de\/badcannstatt\/","title":{"rendered":"Willkommen im Learning Centre Stuttgart-Bad Cannstatt"},"content":{"rendered":"\r\n<p>what is this?<\/p>\r\n","protected":false},"excerpt":{"rendered":"<p>what is this?<\/p>\n","protected":false},"author":1,"featured_media":0,"parent":0,"menu_order":0,"comment_status":"closed","ping_status":"closed","template":"page-welcome.php","meta":{"_acf_changed":false,"content-type":"","inline_featured_image":false,"footnotes":""},"class_list":["post-313","page","type-page","status-publish","hentry"],"acf":[],"yoast_head":"<!-- This site is optimized with the Yoast SEO plugin v27.5 - https:\/\/yoast.com\/product\/yoast-seo-wordpress\/ -->\n<title>Englisch f\u00fcr Kinder - Helen Doron English Stuttgart-Bad Cannstatt<\/title>\n<meta name=\"description\" content=\"Englisch f\u00fcr Kinder von 3 Monaten bis 18 Jahren lernen bei uns mit allen Sinnen. Spiel und Spa\u00df, die Sprache kennen und sicher zu gebrauchen.\" \/>\n<meta name=\"robots\" content=\"index, follow, max-snippet:-1, max-image-preview:large, max-video-preview:-1\" \/>\n<link rel=\"canonical\" href=\"https:\/\/helendoron.de\/badcannstatt\/\" \/>\n<meta property=\"og:locale\" content=\"de_DE\" \/>\n<meta property=\"og:type\" content=\"article\" \/>\n<meta property=\"og:title\" content=\"Helen Doron English Stuttgart - Bad Cannstatt und Fellbach\" \/>\n<meta property=\"og:description\" content=\"Englisch f\u00fcr Kinder von 0 bis 19 Jahren nach der Muttersprachenmethode von Helen Doron.\" \/>\n<meta property=\"og:url\" content=\"https:\/\/helendoron.de\/badcannstatt\/\" \/>\n<meta property=\"og:site_name\" content=\"Helen Doron English Stuttgart-Bad Cannstatt\" \/>\n<meta property=\"article:publisher\" content=\"https:\/\/www.facebook.com\/HelenDoronEnglishStuttgartEsslingenFellbach\" \/>\n<meta property=\"article:modified_time\" content=\"2025-12-17T16:52:00+00:00\" \/>\n<meta property=\"og:image\" content=\"https:\/\/helendoron.de\/badcannstatt\/wp-content\/uploads\/sites\/58\/2023\/05\/HD_Share-Images_1200x6282.jpg\" \/>\n\t<meta property=\"og:image:width\" content=\"1200\" \/>\n\t<meta property=\"og:image:height\" content=\"628\" \/>\n\t<meta property=\"og:image:type\" content=\"image\/jpeg\" \/>\n<meta name=\"twitter:card\" content=\"summary_large_image\" \/>\n<meta name=\"twitter:label1\" content=\"Gesch\u00e4tzte Lesezeit\" \/>\n\t<meta name=\"twitter:data1\" content=\"9\u00a0Minuten\" \/>\n<script type=\"application\/ld+json\" class=\"yoast-schema-graph\">{\"@context\":\"https:\\\/\\\/schema.org\",\"@graph\":[{\"@type\":\"WebPage\",\"@id\":\"https:\\\/\\\/helendoron.de\\\/badcannstatt\\\/\",\"url\":\"https:\\\/\\\/helendoron.de\\\/badcannstatt\\\/\",\"name\":\"Englisch f\u00fcr Kinder - Helen Doron English Stuttgart-Bad Cannstatt\",\"isPartOf\":{\"@id\":\"https:\\\/\\\/helendoron.de\\\/badcannstatt\\\/#website\"},\"datePublished\":\"2021-08-17T13:21:12+00:00\",\"dateModified\":\"2025-12-17T16:52:00+00:00\",\"description\":\"Englisch f\u00fcr Kinder von 3 Monaten bis 18 Jahren lernen bei uns mit allen Sinnen. Spiel und Spa\u00df, die Sprache kennen und sicher zu gebrauchen.\",\"breadcrumb\":{\"@id\":\"https:\\\/\\\/helendoron.de\\\/badcannstatt\\\/#breadcrumb\"},\"inLanguage\":\"de\",\"potentialAction\":[{\"@type\":\"ReadAction\",\"target\":[\"https:\\\/\\\/helendoron.de\\\/badcannstatt\\\/\"]}]},{\"@type\":\"BreadcrumbList\",\"@id\":\"https:\\\/\\\/helendoron.de\\\/badcannstatt\\\/#breadcrumb\",\"itemListElement\":[{\"@type\":\"ListItem\",\"position\":1,\"name\":\"Home\",\"item\":\"https:\\\/\\\/helendoron.de\\\/badcannstatt\\\/\"},{\"@type\":\"ListItem\",\"position\":2,\"name\":\"Willkommen im Learning Centre Stuttgart-Bad Cannstatt\"}]},{\"@type\":\"WebSite\",\"@id\":\"https:\\\/\\\/helendoron.de\\\/badcannstatt\\\/#website\",\"url\":\"https:\\\/\\\/helendoron.de\\\/badcannstatt\\\/\",\"name\":\"Helen Doron English Stuttgart-Bad Cannstatt\",\"description\":\"\",\"publisher\":{\"@id\":\"https:\\\/\\\/helendoron.de\\\/badcannstatt\\\/#organization\"},\"potentialAction\":[{\"@type\":\"SearchAction\",\"target\":{\"@type\":\"EntryPoint\",\"urlTemplate\":\"https:\\\/\\\/helendoron.de\\\/badcannstatt\\\/?s={search_term_string}\"},\"query-input\":{\"@type\":\"PropertyValueSpecification\",\"valueRequired\":true,\"valueName\":\"search_term_string\"}}],\"inLanguage\":\"de\"},{\"@type\":\"Organization\",\"@id\":\"https:\\\/\\\/helendoron.de\\\/badcannstatt\\\/#organization\",\"name\":\"Helen Doron English Stuttgart-Bad Cannstatt\",\"url\":\"https:\\\/\\\/helendoron.de\\\/badcannstatt\\\/\",\"logo\":{\"@type\":\"ImageObject\",\"inLanguage\":\"de\",\"@id\":\"https:\\\/\\\/helendoron.de\\\/badcannstatt\\\/#\\\/schema\\\/logo\\\/image\\\/\",\"url\":\"https:\\\/\\\/helendoron.de\\\/badcannstatt\\\/wp-content\\\/uploads\\\/sites\\\/58\\\/2023\\\/05\\\/HDE_Logo0.jpg\",\"contentUrl\":\"https:\\\/\\\/helendoron.de\\\/badcannstatt\\\/wp-content\\\/uploads\\\/sites\\\/58\\\/2023\\\/05\\\/HDE_Logo0.jpg\",\"width\":1063,\"height\":354,\"caption\":\"Helen Doron English Stuttgart-Bad Cannstatt\"},\"image\":{\"@id\":\"https:\\\/\\\/helendoron.de\\\/badcannstatt\\\/#\\\/schema\\\/logo\\\/image\\\/\"},\"sameAs\":[\"https:\\\/\\\/www.facebook.com\\\/HelenDoronEnglishStuttgartEsslingenFellbach\"]}]}<\/script>\n<!-- \/ Yoast SEO plugin. -->","yoast_head_json":{"title":"Englisch f\u00fcr Kinder - Helen Doron English Stuttgart-Bad Cannstatt","description":"Englisch f\u00fcr Kinder von 3 Monaten bis 18 Jahren lernen bei uns mit allen Sinnen. Spiel und Spa\u00df, die Sprache kennen und sicher zu gebrauchen.","robots":{"index":"index","follow":"follow","max-snippet":"max-snippet:-1","max-image-preview":"max-image-preview:large","max-video-preview":"max-video-preview:-1"},"canonical":"https:\/\/helendoron.de\/badcannstatt\/","og_locale":"de_DE","og_type":"article","og_title":"Helen Doron English Stuttgart - Bad Cannstatt und Fellbach","og_description":"Englisch f\u00fcr Kinder von 0 bis 19 Jahren nach der Muttersprachenmethode von Helen Doron.","og_url":"https:\/\/helendoron.de\/badcannstatt\/","og_site_name":"Helen Doron English Stuttgart-Bad Cannstatt","article_publisher":"https:\/\/www.facebook.com\/HelenDoronEnglishStuttgartEsslingenFellbach","article_modified_time":"2025-12-17T16:52:00+00:00","og_image":[{"width":1200,"height":628,"url":"https:\/\/helendoron.de\/badcannstatt\/wp-content\/uploads\/sites\/58\/2023\/05\/HD_Share-Images_1200x6282.jpg","type":"image\/jpeg"}],"twitter_card":"summary_large_image","twitter_misc":{"Gesch\u00e4tzte Lesezeit":"9\u00a0Minuten"},"schema":{"@context":"https:\/\/schema.org","@graph":[{"@type":"WebPage","@id":"https:\/\/helendoron.de\/badcannstatt\/","url":"https:\/\/helendoron.de\/badcannstatt\/","name":"Englisch f\u00fcr Kinder - Helen Doron English Stuttgart-Bad Cannstatt","isPartOf":{"@id":"https:\/\/helendoron.de\/badcannstatt\/#website"},"datePublished":"2021-08-17T13:21:12+00:00","dateModified":"2025-12-17T16:52:00+00:00","description":"Englisch f\u00fcr Kinder von 3 Monaten bis 18 Jahren lernen bei uns mit allen Sinnen. Spiel und Spa\u00df, die Sprache kennen und sicher zu gebrauchen.","breadcrumb":{"@id":"https:\/\/helendoron.de\/badcannstatt\/#breadcrumb"},"inLanguage":"de","potentialAction":[{"@type":"ReadAction","target":["https:\/\/helendoron.de\/badcannstatt\/"]}]},{"@type":"BreadcrumbList","@id":"https:\/\/helendoron.de\/badcannstatt\/#breadcrumb","itemListElement":[{"@type":"ListItem","position":1,"name":"Home","item":"https:\/\/helendoron.de\/badcannstatt\/"},{"@type":"ListItem","position":2,"name":"Willkommen im Learning Centre Stuttgart-Bad Cannstatt"}]},{"@type":"WebSite","@id":"https:\/\/helendoron.de\/badcannstatt\/#website","url":"https:\/\/helendoron.de\/badcannstatt\/","name":"Helen Doron English Stuttgart-Bad Cannstatt","description":"","publisher":{"@id":"https:\/\/helendoron.de\/badcannstatt\/#organization"},"potentialAction":[{"@type":"SearchAction","target":{"@type":"EntryPoint","urlTemplate":"https:\/\/helendoron.de\/badcannstatt\/?s={search_term_string}"},"query-input":{"@type":"PropertyValueSpecification","valueRequired":true,"valueName":"search_term_string"}}],"inLanguage":"de"},{"@type":"Organization","@id":"https:\/\/helendoron.de\/badcannstatt\/#organization","name":"Helen Doron English Stuttgart-Bad Cannstatt","url":"https:\/\/helendoron.de\/badcannstatt\/","logo":{"@type":"ImageObject","inLanguage":"de","@id":"https:\/\/helendoron.de\/badcannstatt\/#\/schema\/logo\/image\/","url":"https:\/\/helendoron.de\/badcannstatt\/wp-content\/uploads\/sites\/58\/2023\/05\/HDE_Logo0.jpg","contentUrl":"https:\/\/helendoron.de\/badcannstatt\/wp-content\/uploads\/sites\/58\/2023\/05\/HDE_Logo0.jpg","width":1063,"height":354,"caption":"Helen Doron English Stuttgart-Bad Cannstatt"},"image":{"@id":"https:\/\/helendoron.de\/badcannstatt\/#\/schema\/logo\/image\/"},"sameAs":["https:\/\/www.facebook.com\/HelenDoronEnglishStuttgartEsslingenFellbach"]}]}},"_links":{"self":[{"href":"https:\/\/helendoron.de\/badcannstatt\/wp-json\/wp\/v2\/pages\/313","targetHints":{"allow":["GET"]}}],"collection":[{"href":"https:\/\/helendoron.de\/badcannstatt\/wp-json\/wp\/v2\/pages"}],"about":[{"href":"https:\/\/helendoron.de\/badcannstatt\/wp-json\/wp\/v2\/types\/page"}],"author":[{"embeddable":true,"href":"https:\/\/helendoron.de\/badcannstatt\/wp-json\/wp\/v2\/users\/1"}],"replies":[{"embeddable":true,"href":"https:\/\/helendoron.de\/badcannstatt\/wp-json\/wp\/v2\/comments?post=313"}],"version-history":[{"count":3,"href":"https:\/\/helendoron.de\/badcannstatt\/wp-json\/wp\/v2\/pages\/313\/revisions"}],"predecessor-version":[{"id":751,"href":"https:\/\/helendoron.de\/badcannstatt\/wp-json\/wp\/v2\/pages\/313\/revisions\/751"}],"wp:attachment":[{"href":"https:\/\/helendoron.de\/badcannstatt\/wp-json\/wp\/v2\/media?parent=313"}],"curies":[{"name":"wp","href":"https:\/\/api.w.org\/{rel}","templated":true}]}}